{"id":229,"date":"2021-03-02T14:29:52","date_gmt":"2021-03-02T14:29:52","guid":{"rendered":"https:\/\/radiosantacruzfm.com\/?page_id=229"},"modified":"2021-03-02T14:33:53","modified_gmt":"2021-03-02T14:33:53","slug":"quienes-somos","status":"publish","type":"page","link":"https:\/\/radiosantacruzfm.com\/index.php\/quienes-somos\/","title":{"rendered":"Qui\u00e9nes Somos"},"content":{"rendered":"<p>[et_pb_section fb_built=\u00bb1&#8243; fullwidth=\u00bbon\u00bb _builder_version=\u00bb4.8.2&#8243; _module_preset=\u00bbdefault\u00bb][et_pb_fullwidth_slider _builder_version=\u00bb4.8.2&#8243; _module_preset=\u00bbdefault\u00bb auto=\u00bbon\u00bb auto_speed=\u00bb5000&#8243; auto_ignore_hover=\u00bbon\u00bb hover_enabled=\u00bb0&#8243; sticky_enabled=\u00bb0&#8243;][et_pb_slide heading=\u00bbSobre Nosotros\u00bb button_text=\u00bbCont\u00e1ctenos\u00bb _builder_version=\u00bb4.8.2&#8243; _module_preset=\u00bbdefault\u00bb background_image=\u00bbhttps:\/\/radiosantacruzfm.com\/wp-content\/uploads\/2021\/03\/iglesia.jpg\u00bb background_enable_image=\u00bbon\u00bb hover_enabled=\u00bb0&#8243; sticky_transition=\u00bbon\u00bb button_link=\u00bb@ET-DC@eyJkeW5hbWljIjp0cnVlLCJjb250ZW50IjoicG9zdF9saW5rX3VybF9wYWdlIiwic2V0dGluZ3MiOnsicG9zdF9pZCI6IjQzIn19@\u00bb _dynamic_attributes=\u00bbbutton_link\u00bb sticky_enabled=\u00bb0&#8243;]<\/p>\n<p>Las noticias son verificadas de fuentes\u00a0 confiables<\/p>\n<p>[\/et_pb_slide][\/et_pb_fullwidth_slider][\/et_pb_section][et_pb_section fb_built=\u00bb1&#8243; _builder_version=\u00bb4.8.2&#8243; _module_preset=\u00bbdefault\u00bb background_color=\u00bb#e9be2f\u00bb custom_padding=\u00bb16px||13px|||\u00bb][et_pb_row _builder_version=\u00bb4.8.2&#8243; _module_preset=\u00bbdefault\u00bb][et_pb_column type=\u00bb4_4&#8243; _builder_version=\u00bb4.8.2&#8243; _module_preset=\u00bbdefault\u00bb][et_pb_text _builder_version=\u00bb4.8.2&#8243; _module_preset=\u00bbdefault\u00bb]<\/p>\n<h2 style=\"text-align: center;\">RADIO SANTA CRUZ GAL\u00c1PAGOS<\/h2>\n<p style=\"text-align: center;\">Esc\u00fachanos en L\u00ednea a Nivel Nacional<\/p>\n<p>[\/et_pb_text][\/et_pb_column][\/et_pb_row][et_pb_row column_structure=\u00bb1_2,1_2&#8243; _builder_version=\u00bb4.8.2&#8243; _module_preset=\u00bbdefault\u00bb][et_pb_column type=\u00bb1_2&#8243; _builder_version=\u00bb4.8.2&#8243; _module_preset=\u00bbdefault\u00bb][et_pb_code _builder_version=\u00bb4.8.2&#8243; _module_preset=\u00bbdefault\u00bb custom_margin=\u00bb36px||||false|false\u00bb]<center><!-- MAKRODIGITAL --><!-- [et_pb_line_break_holder] --><script type=\"text\/javascript\" src=\"https:\/\/hosted.muses.org\/mrp.js\"><\/script><!-- [et_pb_line_break_holder] --><script type=\"text\/javascript\"><!-- [et_pb_line_break_holder] -->MRP.insert({<!-- [et_pb_line_break_holder] -->'url':'https:\/\/streamingecuador.net:8007\/radiosantacruz',<!-- [et_pb_line_break_holder] -->'codec':'mp3',<!-- [et_pb_line_break_holder] -->'volume':100,<!-- [et_pb_line_break_holder] -->'autoplay':true,<!-- [et_pb_line_break_holder] -->'jsevents':true,<!-- [et_pb_line_break_holder] -->'buffering':0,<!-- [et_pb_line_break_holder] -->'title':'Radio Santa Cruz',<!-- [et_pb_line_break_holder] -->'welcome':'MakroDigital',<!-- [et_pb_line_break_holder] -->'wmode':'transparent',<!-- [et_pb_line_break_holder] -->'skin':'radiovoz',<!-- [et_pb_line_break_holder] -->'width':220,<!-- [et_pb_line_break_holder] -->'height':69<!-- [et_pb_line_break_holder] -->});<!-- [et_pb_line_break_holder] --><\/script><!-- [et_pb_line_break_holder] --><!-- MAKRODIGITAL --><\/center>[\/et_pb_code][\/et_pb_column][et_pb_column type=\u00bb1_2&#8243; _builder_version=\u00bb4.8.2&#8243; _module_preset=\u00bbdefault\u00bb][et_pb_image src=\u00bbhttps:\/\/radiosantacruzfm.com\/wp-content\/uploads\/2021\/02\/obtener-en-google-play.png\u00bb alt=\u00bbobtener aplicaci\u00f3n desde google play\u00bb title_text=\u00bbobtener en google play\u00bb url=\u00bbhttps:\/\/play.google.com\/store\/apps\/details?id=com.radiosantacruz\u00bb url_new_window=\u00bbon\u00bb align=\u00bbcenter\u00bb _builder_version=\u00bb4.8.2&#8243; _module_preset=\u00bbdefault\u00bb][\/et_pb_image][\/et_pb_column][\/et_pb_row][\/et_pb_section][et_pb_section fb_built=\u00bb1&#8243; _builder_version=\u00bb4.8.2&#8243; _module_preset=\u00bbdefault\u00bb][et_pb_row _builder_version=\u00bb4.8.2&#8243; _module_preset=\u00bbdefault\u00bb][et_pb_column type=\u00bb4_4&#8243; _builder_version=\u00bb4.8.2&#8243; _module_preset=\u00bbdefault\u00bb][et_pb_text _builder_version=\u00bb4.8.2&#8243; _module_preset=\u00bbdefault\u00bb]<\/p>\n<h1 style=\"text-align: center;\">QUI\u00c9NES SOMOS<\/h1>\n<p><span><\/span><\/p>\n<p><span>Radio Santa Cruz 88.7 FM, forma parte de la <strong>ASOCIACI\u00d3N DE PARTICIPACI\u00d3N SOCIAL DE LA ORDEN FRANCISCANA SEGLAR O.F.S<\/strong>, organizaci\u00f3n religiosa sin fines de lucro. Su representante legal y persona responsable a efectos de notificaciones es la Sra. <strong>Mar\u00eda In\u00e9s Urgiles Urgiles<\/strong>, como actualmente, representante legal y director delegado es Fr. Nelson Xavier Robalino Robalino OFM.<\/span><\/p>\n<p><strong>MISI\u00d3N: <\/strong>Evangelizar, informar, educar\u00a0 y entretener a su audiencia en<span>\u00a0 <\/span>Puerto Ayora y la Provincia Insular de Gal\u00e1pagos con un mensaje claro y directo, basado en los valores humanos, cristianos y franciscanos, que se derivan del Evangelio de Jesucristo, de la Constituci\u00f3n de la Rep\u00fablica promoviendo el buen vivir<span>\u00a0 <\/span>de la sociedad en armon\u00eda con la naturaleza.<\/p>\n<p><strong>VISI\u00d3N: <\/strong>Liderar a nivel provincial la comunicaci\u00f3n y la evangelizaci\u00f3n con profesionalismo, imparcialidad, criterio cristiano y responsabilidad\u00a0social con miras al buen vivir de todas las personas mediante la pr\u00e1ctica de los valores.<\/p>\n<p><strong>OBJETIVO GENERAL: <\/strong>Anunciar de un modo expl\u00edcito e impl\u00edcito la Buena Nueva de Dios con una programaci\u00f3n de calidad, siguiendo las orientaciones de la Iglesia Cat\u00f3lica, de la Constituci\u00f3n de la Rep\u00fablica y de la Comunidad Franciscana en orden a la construcci\u00f3n de una sociedad del buen vivir.<\/p>\n<p><strong>ESPEC\u00cdFICOS<\/strong><\/p>\n<p><span>\u00a0<\/span>Fortalecer la comunicaci\u00f3n inclusiva y participativa, a la luz del mensaje cristiano y la espiritualidad franciscana, mediante programas educativos de promoci\u00f3n humana.<\/p>\n<p><span>\u00a0<\/span>Apoyar desde la comunicaci\u00f3n alternativa, educativa y ciudadana la democratizaci\u00f3n de la palabra con informaci\u00f3n veraz e imparcial.<\/p>\n<p><span>\u00a0<\/span>Generar y fortalecer espacios que articulen criterios, esfuerzos y acciones que posibiliten el desarrollo arm\u00f3nico de la sociedad y de la iglesia.<\/p>\n<p>Promover la Justicia, la paz y la integridad de la creaci\u00f3n en este lugar privilegiado de Gal\u00e1pagos.<\/p>\n<p><span>\u00a0<\/span>Canalizar recursos para fortalecer la comunicaci\u00f3n y evangelizaci\u00f3n educativa,ciudadana y participativa.<\/p>\n<p>Desarrollar proyectos autosustentables orientados a los segmentos sociales m\u00e1s desprotegidos y necesitados.<\/p>\n<p>[\/et_pb_text][\/et_pb_column][\/et_pb_row][\/et_pb_section][et_pb_section fb_built=\u00bb1&#8243; _builder_version=\u00bb4.8.2&#8243; _module_preset=\u00bbdefault\u00bb background_color=\u00bb#4aa8d2&#8243; global_module=\u00bb129&#8243; saved_tabs=\u00bball\u00bb][et_pb_row column_structure=\u00bb1_3,1_3,1_3&#8243; _builder_version=\u00bb4.8.2&#8243; _module_preset=\u00bbdefault\u00bb][et_pb_column type=\u00bb1_3&#8243; _builder_version=\u00bb4.8.2&#8243; _module_preset=\u00bbdefault\u00bb][et_pb_image src=\u00bbhttps:\/\/radiosantacruzfm.com\/wp-content\/uploads\/2021\/02\/logo-radio-santa-cruz-galapagos-2.png\u00bb alt=\u00bbLogo Radio Santa Cruz 2&#8243; title_text=\u00bblogo-radio-santa-cruz-galapagos-2&#8243; _builder_version=\u00bb4.8.2&#8243; _module_preset=\u00bbdefault\u00bb][\/et_pb_image][\/et_pb_column][et_pb_column type=\u00bb1_3&#8243; _builder_version=\u00bb4.8.2&#8243; _module_preset=\u00bbdefault\u00bb][et_pb_text _builder_version=\u00bb4.8.2&#8243; _module_preset=\u00bbdefault\u00bb text_text_color=\u00bb#FFFFFF\u00bb header_3_text_color=\u00bb#FFFFFF\u00bb]<\/p>\n<h3>CONT\u00c1CTENOS:<\/h3>\n<p><strong>Direcci\u00f3n:<\/strong> Avenida Charles Darwin y Los Colonos.<br \/> <strong>Tel\u00e9fonos:<\/strong><span style=\"color: #ffffff;\"> 052 526 109 \/ 052 526 550<\/span><br \/> <strong>Celular:<\/strong><span style=\"color: #ffffff;\"> 098 097 3249<\/span><\/p>\n<p>[\/et_pb_text][\/et_pb_column][et_pb_column type=\u00bb1_3&#8243; _builder_version=\u00bb4.8.2&#8243; _module_preset=\u00bbdefault\u00bb][et_pb_text _builder_version=\u00bb4.8.2&#8243; _module_preset=\u00bbdefault\u00bb]<\/p>\n<p><span style=\"color: #ffffff;\"><a href=\"mailto:santacruzfmgal@gmail.com\" style=\"color: #ffffff;\">santacruzfmgal@gmail.com<\/a><\/span><\/p>\n<p>[\/et_pb_text][et_pb_social_media_follow _builder_version=\u00bb4.8.2&#8243; _module_preset=\u00bbdefault\u00bb][et_pb_social_media_follow_network social_network=\u00bbfacebook\u00bb _builder_version=\u00bb4.8.2&#8243; _module_preset=\u00bbdefault\u00bb follow_button=\u00bboff\u00bb url_new_window=\u00bbon\u00bb]facebook[\/et_pb_social_media_follow_network][et_pb_social_media_follow_network social_network=\u00bbtwitter\u00bb _builder_version=\u00bb4.8.2&#8243; _module_preset=\u00bbdefault\u00bb follow_button=\u00bboff\u00bb url_new_window=\u00bbon\u00bb]twitter[\/et_pb_social_media_follow_network][et_pb_social_media_follow_network social_network=\u00bbinstagram\u00bb _builder_version=\u00bb4.8.2&#8243; _module_preset=\u00bbdefault\u00bb follow_button=\u00bboff\u00bb url_new_window=\u00bbon\u00bb]instagram[\/et_pb_social_media_follow_network][\/et_pb_social_media_follow][\/et_pb_column][\/et_pb_row][\/et_pb_section]<\/p>\n","protected":false},"excerpt":{"rendered":"<p>Las noticias son verificadas de fuentes\u00a0 confiablesRADIO SANTA CRUZ GAL\u00c1PAGOS Esc\u00fachanos en L\u00ednea a Nivel NacionalQUI\u00c9NES SOMOS Radio Santa Cruz 88.7 FM, forma parte de la ASOCIACI\u00d3N DE PARTICIPACI\u00d3N SOCIAL DE LA ORDEN FRANCISCANA SEGLAR O.F.S, organizaci\u00f3n religiosa sin fines de lucro. Su representante legal y persona responsable a efectos de notificaciones es la Sra. [&hellip;]<\/p>\n","protected":false},"author":1,"featured_media":0,"parent":0,"menu_order":0,"comment_status":"closed","ping_status":"closed","template":"","meta":{"_et_pb_use_builder":"on","_et_pb_old_content":"","_et_gb_content_width":"","footnotes":""},"class_list":["post-229","page","type-page","status-publish","hentry"],"_links":{"self":[{"href":"https:\/\/radiosantacruzfm.com\/index.php\/wp-json\/wp\/v2\/pages\/229","targetHints":{"allow":["GET"]}}],"collection":[{"href":"https:\/\/radiosantacruzfm.com\/index.php\/wp-json\/wp\/v2\/pages"}],"about":[{"href":"https:\/\/radiosantacruzfm.com\/index.php\/wp-json\/wp\/v2\/types\/page"}],"author":[{"embeddable":true,"href":"https:\/\/radiosantacruzfm.com\/index.php\/wp-json\/wp\/v2\/users\/1"}],"replies":[{"embeddable":true,"href":"https:\/\/radiosantacruzfm.com\/index.php\/wp-json\/wp\/v2\/comments?post=229"}],"version-history":[{"count":6,"href":"https:\/\/radiosantacruzfm.com\/index.php\/wp-json\/wp\/v2\/pages\/229\/revisions"}],"predecessor-version":[{"id":355,"href":"https:\/\/radiosantacruzfm.com\/index.php\/wp-json\/wp\/v2\/pages\/229\/revisions\/355"}],"wp:attachment":[{"href":"https:\/\/radiosantacruzfm.com\/index.php\/wp-json\/wp\/v2\/media?parent=229"}],"curies":[{"name":"wp","href":"https:\/\/api.w.org\/{rel}","templated":true}]}}