{"id":307,"date":"2021-03-02T21:17:11","date_gmt":"2021-03-02T21:17:11","guid":{"rendered":"https:\/\/radiosantacruzfm.com\/?page_id=307"},"modified":"2021-03-02T21:55:53","modified_gmt":"2021-03-02T21:55:53","slug":"mision-franciscana","status":"publish","type":"page","link":"https:\/\/radiosantacruzfm.com\/index.php\/mision-franciscana\/","title":{"rendered":"Misi\u00f3n Franciscana"},"content":{"rendered":"<p>[et_pb_section fb_built=\u00bb1&#8243; fullwidth=\u00bbon\u00bb _builder_version=\u00bb4.8.2&#8243; _module_preset=\u00bbdefault\u00bb][et_pb_fullwidth_slider _builder_version=\u00bb4.8.2&#8243; _module_preset=\u00bbdefault\u00bb hover_enabled=\u00bb0&#8243; sticky_enabled=\u00bb0&#8243;][et_pb_slide heading=\u00bbMisi\u00f3n Franciscana\u00bb button_text=\u00bbCont\u00e1ctenos\u00bb button_link=\u00bb@ET-DC@eyJkeW5hbWljIjp0cnVlLCJjb250ZW50IjoicG9zdF9saW5rX3VybF9wYWdlIiwic2V0dGluZ3MiOnsicG9zdF9pZCI6IjQzIn19@\u00bb _builder_version=\u00bb4.8.2&#8243; _dynamic_attributes=\u00bbbutton_link\u00bb _module_preset=\u00bbdefault\u00bb background_image=\u00bbhttps:\/\/radiosantacruzfm.com\/wp-content\/uploads\/2021\/03\/mision-franciscana.jpg\u00bb background_enable_image=\u00bbon\u00bb hover_enabled=\u00bb0&#8243; sticky_transition=\u00bbon\u00bb background_position=\u00bbtop_center\u00bb sticky_enabled=\u00bb0&#8243;][\/et_pb_slide][\/et_pb_fullwidth_slider][\/et_pb_section][et_pb_section fb_built=\u00bb1&#8243; _builder_version=\u00bb4.8.2&#8243; _module_preset=\u00bbdefault\u00bb][et_pb_row _builder_version=\u00bb4.8.2&#8243; _module_preset=\u00bbdefault\u00bb][et_pb_column type=\u00bb4_4&#8243; _builder_version=\u00bb4.8.2&#8243; _module_preset=\u00bbdefault\u00bb][et_pb_text _builder_version=\u00bb4.8.2&#8243; _module_preset=\u00bbdefault\u00bb]<\/p>\n<h1 style=\"text-align: center;\"><strong>Cronolog\u00eda de la Misi\u00f3n Franciscana<\/strong><\/h1>\n<h1 style=\"text-align: center;\"><strong>\u00a0<\/strong><\/h1>\n<p><strong>SAB\u00cdA USTED QUE EN\u2026.<\/strong><\/p>\n<p><strong>1920 1930<\/strong> data la creaci\u00f3n de Bellavista. Sobre su nombre, algunos dicen que la Se\u00f1ora Horneeman, que viv\u00eda en este sitio, ten\u00eda una pensi\u00f3n con ese nombre, y que despu\u00e9s se extendi\u00f3 a todo el lugar. Otros en cambio que constitu\u00eda un verdadero mirador para la playa. Bellavista comenz\u00f3 a desarrollarse a partir de 1950, en el sitio que fue del Se\u00f1or Stampa y en el bosque de las balsas del Se\u00f1or Jut Vohl.<\/p>\n<p><strong>1944<\/strong> se fund\u00f3 la Escuela en Bellavista. Lleva el nombre de su fundador, el Teniente Caupolic\u00e1n Mar\u00edn, miembro del Ej\u00e9rcito nacional. Bellavista tiene el honor de ser la cuna de la primera escuela en la Isla.<\/p>\n<p><strong>1932<\/strong> vino a las Islas Gal\u00e1pagos el Padre Franciscano Leonardo Jaime de Badiola a evangelizar a sus habitantes, que debieron ser muy pocos, pues para 1950 eran solamente 1.200 habitantes. Dicho padre se qued\u00f3 seis meses en la Isla.<\/p>\n<p><strong>1948<\/strong> se propone a los Franciscanos el cuidado espiritual de los habitantes de Gal\u00e1pagos, pidi\u00e9ndolas que la reciban como Misi\u00f3n.<\/p>\n<p><strong>1949 <\/strong>Llegan los primeros Misioneros Franciscanos a Gal\u00e1pagos, los Padres Francisco Castillo y Mateo Benavides, quienes fueron enviados a recorrer el campo del futuro apostolado para luego informar a la Provincia Franciscana sobre la factibilidad del Proyecto.<\/p>\n<p><strong>1950<\/strong>, el 06 de mayo, el Papa P\u00edo XII erige la Prefectura Apost\u00f3lica de Gal\u00e1pagos.<\/p>\n<p><strong>1950, 06 de junio, <span>\u00a0<\/span><\/strong>Emitido un informe favorable los franciscanos tomaron posesi\u00f3n de la Misi\u00f3n de Gal\u00e1pagos<strong>.<\/strong> Los primeros religiosos que llegaron a Puerto Baquerizo Moreno (Isla de San Crist\u00f3bal) fueron: los Padres Francisco Castillo y Mateo Benavides y Fray Vicente Jumbo.<\/p>\n<p><strong>1951 <\/strong>se nombra al Primer Prefecto Apost\u00f3lico de Gal\u00e1pagos, en la persona del Padre Franciscano,<span>\u00a0 <\/span>Pedro Pablo Andrade.<\/p>\n<p><strong>1951<\/strong>, 16 de julio, Monse\u00f1or Pedro Pablo Andrade. Toma posesi\u00f3n de la Prefectura Apost\u00f3lica de Gal\u00e1pagos.<\/p>\n<p><strong>1951 <\/strong>Se crea la Primera Parroquia eclesi\u00e1stica \u201cLa Inmaculada\u201d, en Puerto Baquerizo Moreno, San Crist\u00f3bal.<\/p>\n<p><strong>1951<\/strong> Se crea la Parroquia la Inmaculada,<span>\u00a0 <\/span>en Puerto Baquerizo Moreno, atendidas por el Padre Mateo Benavides.<\/p>\n<p><strong>1952 <\/strong>Se crea la segunda Parroquia Eclesi\u00e1stica, \u201cSan Francisco de El Progreso\u201d, en San Crist\u00f3bal y se construye su primera Iglesia, atendida por el Padre Mateo Benavides.<\/p>\n<p><strong>1952 <\/strong>Se forman los primeros grupos de catequesis.<\/p>\n<p><strong>1952<\/strong> se crea, en Puerto Villamil la Parroquia Eclesi\u00e1stica en honor a San Antonio de Padua. Su primer p\u00e1rroco fue el Franciscano, Padre Le\u00f3n Gordillo.<\/p>\n<p><strong>1954<\/strong> el Padre Le\u00f3n Gordillo y Fray Segundo Espinoza, Franciscanos, construyen la Iglesia y Convento de piedra de Isabela.<\/p>\n<p><strong>1955<\/strong>, el 10 de febrero, se crea la Parroquia Santa Marianita de Jes\u00fas, en Puerto Ayora, Isla Santa Cruz. Su primer P\u00e1rroco fue el Padre Raimundo Bedoya. Es la Primera Parroquia de la Isla. Los Padres V\u00edctor Maldonado y Manuel Guerrero trabajaron por muchos a\u00f1os en formarla.<\/p>\n<p><strong>1955 <\/strong>Se construye la primera Iglesia Catedral de San Crist\u00f3bal, en madera.<\/p>\n<p><strong>1956<\/strong>, 26 de abril, es la fecha en la que se form\u00f3 la colonia para colonizar Santa Rosa. Y los Franciscanos incentivaron para que se recordara esta fecha para su celebraci\u00f3n y, los colonos de Santa Rosa la tomaron como tal.<\/p>\n<p><strong>1956<\/strong> El Padre Manuel Guerrero, P\u00e1rroco de Puerto Ayora entre 1956-1960, construye la Casa parroquial en Puerto Ayora y la primera Capilla en Bellavista y asegura una propiedad para la Misi\u00f3n.<\/p>\n<p><strong>1956 <\/strong>el Padre Le\u00f3n Gordillo, Franciscano funda la Escuela Fisco-Misional \u201cCornelio Izquierdo\u201d de Isabela.<\/p>\n<p><strong>1957<\/strong> La Misi\u00f3n Franciscana, encabezado por el Padre Le\u00f3n Gordillo hace frente a la sublevaci\u00f3n de la Colonia penal y salva a los colonos que se refugian en la Iglesia de la Misi\u00f3n, en Isabela.<\/p>\n<p><strong>1960<\/strong> En el Occidente, en la finca de la Misi\u00f3n se funda una Escuela con el nombre de Jos\u00e9 Villamil. En 1966 se traslada de lugar, esto con la cooperaci\u00f3n de sus moradores y del Ministerio de Educaci\u00f3n. Existen pocos alumnos.<\/p>\n<p><strong>1960 <\/strong>Animados por el Padre Ricardo Le\u00f3n, se funda la Escuela en Santa Rosa la Escuela que lleva el nombre de Delia de Velasco y construida por los mismos moradores, sin ayuda estatal. En esa \u00e9poca estudian 25 ni\u00f1os y su profesor es el Se\u00f1or Rolando Jaramillo.<\/p>\n<p><strong>1960 <\/strong>Los moradores de Santa Rosa se unen con los Franciscanos para construir una modesta Capilla. Las paredes son de fibra prensada y la cubierta de zinc, donadas por el Padre Jorge Enr\u00edquez, Guardi\u00e1n del Convento Franciscano de Guayaquil. El S\u00edndico es el Se\u00f1or Segundo Chapi. La Capilla tiene todo lo necesario para la Misa. Se celebra todos los s\u00e1bados a las 17h00, luego se baja al Carmen o a Bellavista. El 30 de agosto, d\u00eda de su Patrona se celebra con un variado programa religioso y social.<\/p>\n<p><strong>1961<\/strong> El Padre Ricardo Le\u00f3n, P\u00e1rroco entre 1960 a 1964, en Santa Cruz, construye una Capilla en el Occidente.<\/p>\n<p><strong>1961<\/strong> Fundaci\u00f3n de la Escuela \u201cPedro Pablo Andrade\u201d y del Colegio Profesional de Se\u00f1oritas.<\/p>\n<p><strong>1961<\/strong> Se funda el Primer Dispensario M\u00e9dico gratuito en San Crist\u00f3bal.<\/p>\n<p><strong>1963<\/strong> La Misi\u00f3n Franciscana inaugura la COMUNICACI\u00d3N entre las islas por medio de Radio aficionados.<\/p>\n<p><strong>1964 <\/strong>Bajo la direcci\u00f3n del Padre Ricardo Le\u00f3n se comenz\u00f3 a construir una Capilla en el Occidente. Su cubierta es de zinc, entablada, tiene una campana y todo lo necesario para la misa, menos el c\u00e1liz.<\/p>\n<p><strong>1966 <\/strong>Con la ayuda del Padre Gustavo Sisalema se funda la Escuela en el Porvenir hoy llamado el Camote, con el nombre del insigne educador Se\u00f1or Celso Guerra, que vivi\u00f3 en las islas. Su Primer profesor fue el Se\u00f1or Bol\u00edvar Zurita. La Escuela funcion\u00f3 en la casa del Se\u00f1or Max Arias. En <strong>1968<\/strong> se traslad\u00f3 a su propio terreno. Su primer profesor el Se\u00f1or Am\u00edlcar Ramos.<\/p>\n<p><strong>1968<\/strong> El Padre Gustavo (Ang\u00e9lico) Sisalema, como P\u00e1rroco de Puerto Ayora dirigi\u00f3 la construcci\u00f3n de la antigua Iglesia Parroquial de Santa Marianita y dirigi\u00f3 la construcci\u00f3n de la Escuela Fisco-Misional \u201cSan Francisco\u201d.<\/p>\n<p><strong>1968<\/strong> Se form\u00f3 un comit\u00e9 para abrir una trocha de comunicaci\u00f3n con la Isla Baltra. El Comit\u00e9 estuvo presidido por el Padre Juan El\u00edas Imaicela. He aqu\u00ed el testimonio del Padre: \u201cEstuvimos en el grupo abriendo una trocha desde Santa Rosa, pasando por los gemelos y llegando hasta el mismo canal. Fueron dos d\u00eda maravillosos que concluyeron con un descanso en el mismo canal para volver al siguiente d\u00eda a Santa Rosa, alegres de haber cumplido y de haber saboreado un rico asado de chivo y de la curiosidad de los cucubes\u201d<a href=\"applewebdata:\/\/9B1577FD-E232-47C6-9B6F-7D98C1A2F1F6#_ftn2\" name=\"_ftnref2\"><span>[2]<\/span><\/a>.<\/p>\n<p>Los moradores de Santa Rosa tienen mucho entusiasmo por su progreso, uni\u00e9ndose en obras colectivas y motivados por los Franciscanos. As\u00ed abrieron el camino que une el Occidente con Santa Rosa, nos dice el Padre Juan El\u00edas Imaicela<a href=\"applewebdata:\/\/9B1577FD-E232-47C6-9B6F-7D98C1A2F1F6#_ftn3\" name=\"_ftnref3\"><span>[3]<\/span><\/a>.<\/p>\n<p><strong>1968 <\/strong>Se inaugura el Hospital Misional \u201cOskar Jandl\u201d.<\/p>\n<p><strong>1968 <\/strong>Se funda el Colegio Fisco Misional \u201cAlejandro Humboldt\u201d.<\/p>\n<p><strong>1968 <\/strong>Se funda la Escuela \u201cTom\u00e1s de Berlanga\u201d en Isabela.<\/p>\n<p><strong>1968 <\/strong>Se construye el edificio de la Cruz Roja en San Crist\u00f3bal.<\/p>\n<p><strong>1968<\/strong> Se comenz\u00f3 a construir una Capilla en el Camote, antes llamado El Porvenir, en Bellavista, dedicado a San Antonio de Padua. Aunque se celebraba la Eucarist\u00eda en la Escuela.<\/p>\n<p><strong>1968 a 1970 <\/strong>Se funda la Parroquia Eclesi\u00e1stica de San Antonio de Bellavista en Santa Cruz. Su Primer P\u00e1rroco fue el Padre Juan El\u00edas Imaicela. Con Fray Jos\u00e9 Cango atendieron la pastoral y el incremento de la Finca de la Misi\u00f3n en el Occidente.<\/p>\n<p><strong>1968 -1970 <\/strong><span>\u00a0<\/span>No hab\u00eda carretero, sino un sendero a pie y de ac\u00e9mila entre Bellavista y Puerto Ayora, siendo dif\u00edcil el transporte de cosas, informa el Padre Juan El\u00edas Imaicela<a href=\"applewebdata:\/\/9B1577FD-E232-47C6-9B6F-7D98C1A2F1F6#_ftn4\" name=\"_ftnref4\"><span>[4]<\/span><\/a>. Ser\u00e1n los Padres Julio Herrera, como Procurador de la Misi\u00f3n Franciscana y Juan El\u00edas Imaicela quienes ponen empe\u00f1o en construir la actual carretera.<\/p>\n<p><strong>1969<\/strong>, 12 de febrero, se desmembr\u00f3 el sector de la enca\u00f1ada de los Montalvo, tomando el nombre de El Carmen, en honor a la Sant\u00edsima Virgen del Carmen, cuyo t\u00edtulo es de particular devoci\u00f3n de la familia Guerrero Sol\u00eds.<\/p>\n<p><strong>1969<\/strong>, 30 de mayo, se funda la Escuela Gal\u00e1pagos, en el Sector el Carmen, por iniciativa de los moradores y con la ayuda del Padre Gustavo Sisalema, que present\u00f3 la petici\u00f3n al Ministro de Educaci\u00f3n. La Escuela se construy\u00f3 en el terreno donado por el Se\u00f1or Segundo Sol\u00eds. El Primer profesor fue el Se\u00f1or Norberto Sigcha.<\/p>\n<p><strong>1969<\/strong> Se funda la Radio la \u201cVoz de Gal\u00e1pagos\u201d.<\/p>\n<p><strong>1970<\/strong>, 26 de abril, se coloc\u00f3 la primera piedra para el edificio de la colonia en Santa Rosa, fue bendecida por el Padre Gustavo Sisalema.<\/p>\n<p><strong>1971 <\/strong>Se funda el Primer Dispensario M\u00e9dico en Isabela.<\/p>\n<p><strong>1973<\/strong> Se trabaja en Quito por la provincializaci\u00f3n de Gal\u00e1pagos. Los que m\u00e1s empe\u00f1o ponen son el Padre Julio Herrera y Monse\u00f1or Hugolino.<\/p>\n<p><strong>1973<\/strong>, 18 de febrero, se consigue la Provincializaci\u00f3n de Gal\u00e1pagos, en la \u00e9poca del General Guillermo Rodr\u00edguez Lara.<\/p>\n<p><strong>1973 <\/strong>Se construye la Primera Iglesia en Santa Rosa, Isla Santa Cruz, obra de los Padres Manuel Guerrero y Juan Imaicela.<\/p>\n<p><strong>1973 <\/strong>Se construye la casa para la Radio Santa Cruz en Puerto Ayora.<\/p>\n<p><strong>1974, 12 de febrero<\/strong>, se inaugura Radio Santa Cruz, obra de Monse\u00f1or V\u00edctor Maldonado, y a su vez la dirige por 10 a\u00f1os.<\/p>\n<p><strong>1975 <\/strong>Se funda el Banco de Sangre en San Crist\u00f3bal.<\/p>\n<p><strong>1974<\/strong> El Padre Ra\u00fal Pinto funda el Colegio Fisco Misional \u201cFray Agust\u00edn de Ask\u00fanaga\u201d, y trabaj\u00f3 por la Cantonizaci\u00f3n de Isabela.<\/p>\n<p><strong>1976 <\/strong>A\u00f1o de la Aprobaci\u00f3n oficial del Himno a Gal\u00e1pagos. Obra de los Franciscanos. Letra de Monse\u00f1or V\u00edctor Maldonado y M\u00fasica del Padre Agust\u00edn de Ask\u00fanaga.<\/p>\n<p><strong>1977<\/strong> El Padre Ra\u00fal Pinto construye la casa de la Prefectura Apost\u00f3lica, en San Crist\u00f3bal.<\/p>\n<p><strong>1981 <\/strong>Se funda el canal 13 de televisi\u00f3n en San Crist\u00f3bal.<\/p>\n<p><strong>1985<\/strong> Vive en Puerto Ayora, en la casa de la Misi\u00f3n, el Padre El\u00edas D\u00e1vila Peralta, quien ayuda en la Radio y Parroquia.<\/p>\n<p><strong>1986<\/strong> Construcci\u00f3n de la Casa Misional de Bellavista.<\/p>\n<p><strong>1990<\/strong> Monse\u00f1or V\u00edctor Maldonado construye la Catedral en San Crist\u00f3bal.<\/p>\n<p><strong>1992<\/strong> el Padre Ramiro Calder\u00f3n construye la segunda Iglesia parroquial en Isabela.<\/p>\n<p><strong>1996 <\/strong>Bendici\u00f3n de la nueva casa misional en Isabela.<\/p>\n<p><strong>1997<\/strong> Bendici\u00f3n de la nueva casa Parroquial en Isabela.<\/p>\n<p><strong>1998<\/strong> Reconstrucci\u00f3n de la casa misional de Bellavista en Santa Cruz.<\/p>\n<p><strong>1998<\/strong> Bendici\u00f3n de la Primera Piedra del nuevo templo franciscano en Puerto Ayora.<\/p>\n<p><strong>1999 <\/strong>Bendici\u00f3n de la Nueva Iglesia Franciscana de Puerto Ayora.<\/p>\n<p><strong>2000<\/strong> Restauraci\u00f3n de la Iglesia parroquial de San Antonio de Bellavista.<\/p>\n<p><strong>2003<\/strong> El Padre Clarito funda, en Santa Cruz, el Movimiento de Retiros Parroquiales Juan XXIII.<\/p>\n<p><strong>2010 <\/strong>Se inaugura la nueva casa Franciscana en Puerto Ayora, Santa Cruz.<\/p>\n<p>&nbsp;<\/p>\n<p><strong>Prefectos Apost\u00f3licos y Obispos de Gal\u00e1pagos<\/strong><\/p>\n<ol>\n<li><strong> <\/strong>1951.- Monse\u00f1or Pedro Pablo Andrade, OFM., como <strong>Primer Prefecto Apost\u00f3lico.<\/strong><\/li>\n<li><strong><\/strong> 1959.- Monse\u00f1or Juan de Dios Campuzano., como<strong> Segundo Prefecto Apost\u00f3lico.<\/strong><\/li>\n<li><strong> <\/strong>1967.- Monse\u00f1or Hugolino Cerasuolo., como<strong> Tercer Prefecto Apost\u00f3lico.<\/strong><\/li>\n<li><strong><\/strong> 1975.- Se encarga la Prefectura Apost\u00f3lica al Padre Ra\u00fal Pinto, quien mision\u00f3 muchos a\u00f1os en Gal\u00e1pagos, seis en Isabela, cinco en San Crist\u00f3bal y dos en Santa Cruz. Fue el que trabaj\u00f3 para lograr la cantonizaci\u00f3n de Isabela.<\/li>\n<li><strong> <\/strong>1980.- Se nombra a Monse\u00f1or Seraf\u00edn Cartagena, OFM., como <strong>Cuarto Prefecto Apost\u00f3lico.<\/strong><\/li>\n<li><strong> <\/strong>1984.- Se nombra a Monse\u00f1or V\u00edctor Maldonado, OFM., como <strong>quinto Prefecto Apost\u00f3lico.<\/strong><\/li>\n<li><strong> <\/strong>1990.- se nombra a Monse\u00f1or Manuel Valarezo, OFM., como <strong>sexto Prefecto Apost\u00f3lico.<\/strong><\/li>\n<li><strong> <\/strong>1996.- Consagraci\u00f3n de Monse\u00f1or Manuel Valarezo, OFM., como <strong>Primer Obispo de Gal\u00e1pagos.<\/strong><\/li>\n<li><strong> <\/strong>2013, 07 de diciembre, Consagraci\u00f3n de Monse\u00f1or Patricio Bonilla, OFM., como <strong>segundo Obispo de Gal\u00e1pagos.<\/strong><\/li>\n<\/ol>\n<p>&nbsp;<\/p>\n<p><a href=\"applewebdata:\/\/9B1577FD-E232-47C6-9B6F-7D98C1A2F1F6#_ftnref1\" name=\"_ftn1\"><span>[1]<\/span><\/a> Notas para una Historia. Tomo I. Comisi\u00f3n de Historia y Cultura. Primer Centenario de la Restauraci\u00f3n 1903-2003. Provincia de San Francisco de Quito, p. 258.<\/p>\n<p><a href=\"applewebdata:\/\/9B1577FD-E232-47C6-9B6F-7D98C1A2F1F6#_ftnref2\" name=\"_ftn2\"><span>[2]<\/span><\/a> Notas para una Historia. Tomo I. Comisi\u00f3n de Historia y Cultura. Primer Centenario de la Restauraci\u00f3n 1903-2003. Provincia de San Francisco de Quito, p. 270.<\/p>\n<p><a href=\"applewebdata:\/\/9B1577FD-E232-47C6-9B6F-7D98C1A2F1F6#_ftnref3\" name=\"_ftn3\"><span>[3]<\/span><\/a> Notas para una Historia. Tomo I. Comisi\u00f3n de Historia y Cultura. Primer Centenario de la Restauraci\u00f3n 1903-2003. Provincia de San Francisco de Quito, p. 269.<\/p>\n<p><a href=\"applewebdata:\/\/9B1577FD-E232-47C6-9B6F-7D98C1A2F1F6#_ftnref4\" name=\"_ftn4\"><span>[4]<\/span><\/a> Notas para una Historia. Tomo I. Comisi\u00f3n de Historia y Cultura. Primer Centenario de la Restauraci\u00f3n 1903-2003. Provincia de San Francisco de Quito, p. 258.<\/p>\n<p>[\/et_pb_text][\/et_pb_column][\/et_pb_row][et_pb_row column_structure=\u00bb1_2,1_2&#8243; _builder_version=\u00bb4.8.2&#8243; _module_preset=\u00bbdefault\u00bb][et_pb_column type=\u00bb1_2&#8243; _builder_version=\u00bb4.8.2&#8243; _module_preset=\u00bbdefault\u00bb][et_pb_image src=\u00bbhttps:\/\/radiosantacruzfm.com\/wp-content\/uploads\/2021\/03\/Unknown.jpeg\u00bb title_text=\u00bbUnknown\u00bb _builder_version=\u00bb4.8.2&#8243; _module_preset=\u00bbdefault\u00bb][\/et_pb_image][et_pb_text _builder_version=\u00bb4.8.2&#8243; _module_preset=\u00bbdefault\u00bb]<\/p>\n<p style=\"text-align: center;\">Antigua Iglesia de Puerto Ayora<\/p>\n<p>[\/et_pb_text][\/et_pb_column][et_pb_column type=\u00bb1_2&#8243; _builder_version=\u00bb4.8.2&#8243; _module_preset=\u00bbdefault\u00bb][et_pb_image src=\u00bbhttps:\/\/radiosantacruzfm.com\/wp-content\/uploads\/2021\/03\/Unknown-1.jpeg\u00bb title_text=\u00bbUnknown-1&#8243; align=\u00bbcenter\u00bb _builder_version=\u00bb4.8.2&#8243; _module_preset=\u00bbdefault\u00bb][\/et_pb_image][et_pb_text _builder_version=\u00bb4.8.2&#8243; _module_preset=\u00bbdefault\u00bb]<\/p>\n<p style=\"text-align: center;\">Antiguo muelle de carga de Puerto Ayora<\/p>\n<p>[\/et_pb_text][\/et_pb_column][\/et_pb_row][\/et_pb_section]<\/p>\n","protected":false},"excerpt":{"rendered":"<p>Cronolog\u00eda de la Misi\u00f3n Franciscana \u00a0 SAB\u00cdA USTED QUE EN\u2026. 1920 1930 data la creaci\u00f3n de Bellavista. Sobre su nombre, algunos dicen que la Se\u00f1ora Horneeman, que viv\u00eda en este sitio, ten\u00eda una pensi\u00f3n con ese nombre, y que despu\u00e9s se extendi\u00f3 a todo el lugar. Otros en cambio que constitu\u00eda un verdadero mirador para [&hellip;]<\/p>\n","protected":false},"author":1,"featured_media":0,"parent":0,"menu_order":0,"comment_status":"closed","ping_status":"closed","template":"","meta":{"_et_pb_use_builder":"on","_et_pb_old_content":"","_et_gb_content_width":"","footnotes":""},"class_list":["post-307","page","type-page","status-publish","hentry"],"_links":{"self":[{"href":"https:\/\/radiosantacruzfm.com\/index.php\/wp-json\/wp\/v2\/pages\/307","targetHints":{"allow":["GET"]}}],"collection":[{"href":"https:\/\/radiosantacruzfm.com\/index.php\/wp-json\/wp\/v2\/pages"}],"about":[{"href":"https:\/\/radiosantacruzfm.com\/index.php\/wp-json\/wp\/v2\/types\/page"}],"author":[{"embeddable":true,"href":"https:\/\/radiosantacruzfm.com\/index.php\/wp-json\/wp\/v2\/users\/1"}],"replies":[{"embeddable":true,"href":"https:\/\/radiosantacruzfm.com\/index.php\/wp-json\/wp\/v2\/comments?post=307"}],"version-history":[{"count":7,"href":"https:\/\/radiosantacruzfm.com\/index.php\/wp-json\/wp\/v2\/pages\/307\/revisions"}],"predecessor-version":[{"id":572,"href":"https:\/\/radiosantacruzfm.com\/index.php\/wp-json\/wp\/v2\/pages\/307\/revisions\/572"}],"wp:attachment":[{"href":"https:\/\/radiosantacruzfm.com\/index.php\/wp-json\/wp\/v2\/media?parent=307"}],"curies":[{"name":"wp","href":"https:\/\/api.w.org\/{rel}","templated":true}]}}